{"id":3,"date":"2021-08-11T13:23:19","date_gmt":"2021-08-11T13:23:19","guid":{"rendered":"http:\/\/enderby.agency\/?page_id=3"},"modified":"2024-06-20T20:38:31","modified_gmt":"2024-06-20T20:38:31","slug":"mentions-legales","status":"publish","type":"page","link":"https:\/\/enderby.fr\/en\/mentions-legales\/","title":{"rendered":"Mentions L\u00e9gales"},"content":{"rendered":"<div data-elementor-type=\"wp-page\" data-elementor-id=\"3\" class=\"elementor elementor-3\" data-elementor-post-type=\"page\">\n\t\t\t\t\t\t<section class=\"elementor-section elementor-top-section elementor-element elementor-element-27f87ab elementor-section-height-min-height elementor-section-items-stretch elementor-section-content-top elementor-section-boxed elementor-section-height-default\" data-id=\"27f87ab\" data-element_type=\"section\" id=\"equipe\" data-settings=\"{&quot;background_background&quot;:&quot;classic&quot;}\">\n\t\t\t\t\t\t<div class=\"elementor-container elementor-column-gap-default\">\n\t\t\t\t\t<div class=\"elementor-column elementor-col-100 elementor-top-column elementor-element elementor-element-5892e07a col1\" data-id=\"5892e07a\" data-element_type=\"column\">\n\t\t\t<div class=\"elementor-widget-wrap elementor-element-populated\">\n\t\t\t\t\t\t<div class=\"elementor-element elementor-element-f76a946 elementor-widget elementor-widget-heading\" data-id=\"f76a946\" data-element_type=\"widget\" data-widget_type=\"heading.default\">\n\t\t\t\t<div class=\"elementor-widget-container\">\n\t\t\t\t\t<h1 class=\"elementor-heading-title elementor-size-default\">Mentions l\u00e9gales du site web\nEnderby \n<\/h1>\t\t\t\t<\/div>\n\t\t\t\t<\/div>\n\t\t\t\t<div class=\"elementor-element elementor-element-7033151 elementor-widget elementor-widget-spacer\" data-id=\"7033151\" data-element_type=\"widget\" data-widget_type=\"spacer.default\">\n\t\t\t\t<div class=\"elementor-widget-container\">\n\t\t\t\t\t\t\t<div class=\"elementor-spacer\">\n\t\t\t<div class=\"elementor-spacer-inner\"><\/div>\n\t\t<\/div>\n\t\t\t\t\t\t<\/div>\n\t\t\t\t<\/div>\n\t\t\t\t<div class=\"elementor-element elementor-element-575b76b2 elementor-widget elementor-widget-heading\" data-id=\"575b76b2\" data-element_type=\"widget\" data-widget_type=\"heading.default\">\n\t\t\t\t<div class=\"elementor-widget-container\">\n\t\t\t\t\t<h2 class=\"elementor-heading-title elementor-size-default\">Fonctionnement du site<\/h2>\t\t\t\t<\/div>\n\t\t\t\t<\/div>\n\t\t\t\t<div class=\"elementor-element elementor-element-86bbbca elementor-widget elementor-widget-text-editor\" data-id=\"86bbbca\" data-element_type=\"widget\" data-widget_type=\"text-editor.default\">\n\t\t\t\t<div class=\"elementor-widget-container\">\n\t\t\t\t\t\t\t\t\t<p>Enderby effectue toutes les d\u00e9marches pour assurer de la fiabilit\u00e9 de ses propres informations contenues sur le pr\u00e9sent site web. Enderby ne peut encourir aucune responsabilit\u00e9 du fait d\u2019erreurs ou d\u2019omissions relatives \u00e0 ces informations, pas plus qu\u2019\u00e0 l\u2019occasion de l\u2019utilisation et de la diffusion desdites informations par les utilisateurs du site web. Enderby ne peut garantir l\u2019accessibilit\u00e9 constante au pr\u00e9sent Site ou \u00e0 tout ou partie des informations y figurant. Elle ne peut, en particulier, \u00eatre responsable de la fermeture du site web de mani\u00e8re d\u00e9finitive ou temporaire, notamment en cas de mise \u00e0 jour ou d\u2019op\u00e9rations de maintenance.<\/p>\n<p>Enderby ne saurait directement ou indirectement \u00eatre tenue responsable, garante et\/ou se porter fort de l\u2019ex\u00e9cution des obligations ou engagements des prestataires ext\u00e9rieurs \u00e9ventuellement mentionn\u00e9s \u00e0 quelque titre que ce soit sur le site web dont elle est strictement ind\u00e9pendante.<\/p>\n<p>Le site web se r\u00e9serve \u00e0 tout moment le droit de modifier les pr\u00e9sentes conditions g\u00e9n\u00e9rales d\u2019utilisation.<\/p>\t\t\t\t\t\t\t\t<\/div>\n\t\t\t\t<\/div>\n\t\t\t\t<div class=\"elementor-element elementor-element-6031cf0 elementor-widget elementor-widget-spacer\" data-id=\"6031cf0\" data-element_type=\"widget\" data-widget_type=\"spacer.default\">\n\t\t\t\t<div class=\"elementor-widget-container\">\n\t\t\t\t\t\t\t<div class=\"elementor-spacer\">\n\t\t\t<div class=\"elementor-spacer-inner\"><\/div>\n\t\t<\/div>\n\t\t\t\t\t\t<\/div>\n\t\t\t\t<\/div>\n\t\t\t\t<div class=\"elementor-element elementor-element-7269783 elementor-widget elementor-widget-heading\" data-id=\"7269783\" data-element_type=\"widget\" data-widget_type=\"heading.default\">\n\t\t\t\t<div class=\"elementor-widget-container\">\n\t\t\t\t\t<h2 class=\"elementor-heading-title elementor-size-default\">Utilisation du site<\/h2>\t\t\t\t<\/div>\n\t\t\t\t<\/div>\n\t\t\t\t<div class=\"elementor-element elementor-element-163da354 elementor-widget elementor-widget-text-editor\" data-id=\"163da354\" data-element_type=\"widget\" data-widget_type=\"text-editor.default\">\n\t\t\t\t<div class=\"elementor-widget-container\">\n\t\t\t\t\t\t\t\t\t<p>Tout utilisateur du site web est soumis aux pr\u00e9sentes conditions g\u00e9n\u00e9rales d\u2019utilisation accessibles sur le site web sous l\u2019URL suivante : https:\/\/enderby.fr\/mentions-legales\/ et reconna\u00eet, par son utilisation du site web, en avoir pris connaissance et les avoir accept\u00e9es. Chaque utilisateur est seul responsable de sa navigation sur le site web et de tous ses agissements sans que la responsabilit\u00e9 de la soci\u00e9t\u00e9 Enderby ne puisse \u00eatre engag\u00e9e, \u00e0 quelque titre et pour quelque cause que ce soit.<\/p>\n<p>L\u2019utilisateur s\u2019engage \u00e0 ne pas diffuser sur le site, des virus, des vers, des chevaux de Troie ou tout autre forme de code malicieux ; mena\u00e7ant une personne ou un groupe de personnes ; incitant \u00e0 commettre un d\u00e9lit, un crime ou un acte de terrorisme ; en violation du secret des correspondances ; permettant \u00e0 un tiers de se procurer directement ou indirectement des logiciels pirat\u00e9s, des logiciels permettant des actes de piratage et d\u2019intrusion dans les syst\u00e8mes informatiques et de t\u00e9l\u00e9communication, des virus et autres bombes logiques et d\u2019une mani\u00e8re g\u00e9n\u00e9rale tout outil logiciel ou autres permettant de porter atteinte aux droits d\u2019autrui et \u00e0 la s\u00e9curit\u00e9 des personnes et des biens ; et plus g\u00e9n\u00e9ralement, non conformes aux dispositions l\u00e9gales applicables.<\/p>\n<p>Si un utilisateur publie un contenu interdit, il s\u2019expose \u00e0 ce que celui-ci soit supprim\u00e9 et, le cas \u00e9ch\u00e9ant, \u00e0 des poursuites judiciaires.<\/p>\n<p>Enderby rappelle que l\u2019envoi d\u2019informations inexactes, trompeuses ou fausses peut engager votre responsabilit\u00e9 civile et\/ou p\u00e9nale de son auteur.<\/p>\n<p>De m\u00eame, tout utilisateur du site web s\u2019interdit :<\/p>\n<p>\u2022 d\u2019acc\u00e9der ou tenter d\u2019acc\u00e9der au site par tout moyen autre que ceux mis \u00e0 votre disposition par le site web;<br \/>\u2022 de d\u00e9tourner le site de son usage informatif ;<br \/>\u2022 de perturber, ralentir ou bloquer l\u2019acc\u00e8s aux services ou aux r\u00e9seaux permettant l\u2019acc\u00e8s au site web;<br \/>\u2022 d\u2019utiliser des syst\u00e8mes d\u2019exploration de donn\u00e9es (data mining), des robots ou toute autre m\u00e9thode semblable pour la collecte et l\u2019exploitation de donn\u00e9es,<br \/>\u2022 de contr\u00f4ler, scanner ou tester la vuln\u00e9rabilit\u00e9 du site, de son h\u00e9bergeur ou de son r\u00e9seau ou de violer les mesures de s\u00e9curit\u00e9 ou d\u2019authentification mises en \u0153uvre par Enderby ;<br \/>\u2022 tenter d\u2019interf\u00e9rer avec le Site, son h\u00e9bergeur ou son r\u00e9seau, de quelque mani\u00e8re que ce soit, notamment au moyen d\u2019un t\u00e9l\u00e9chargement de virus informatique, d\u2019une surcharge, d\u2019une attaque \u00ab DoS \u00bb ou \u00ab DDoS \u00bb, \u00ab spamming \u00bb \u00ab scrapping \u00bb ou \u00ab harvesting \u00bb.<\/p>\n<p>Enderby ne garantit, en aucun cas, le fonctionnement, et\/ou le contenu du site web, qui n\u2019a qu\u2019un objet informatif.<\/p>\n<p>Enderby ne saurait, en aucun cas, \u00eatre tenu responsable des dommages, directs ou indirects, commerciaux ou non, r\u00e9sultant de l\u2019utilisation du site web, des informations contenues dans le site ou d\u2019\u00e9l\u00e9ments en dehors de son contr\u00f4le, et notamment des dommages qui pourraient \u00e9ventuellement \u00eatre subis par votre environnement technique tel que vos navigateurs mobiles, logiciels, \u00e9quipement, r\u00e9seaux (modems, t\u00e9l\u00e9phone, etc.) et tout mat\u00e9riel utilis\u00e9 pour acc\u00e9der au site ou pour l\u2019utiliser ainsi que vos biens personnels.<\/p>\t\t\t\t\t\t\t\t<\/div>\n\t\t\t\t<\/div>\n\t\t\t\t\t<\/div>\n\t\t<\/div>\n\t\t\t\t\t<\/div>\n\t\t<\/section>\n\t\t\t\t<section data-dce-background-image-url=\"https:\/\/enderby.fr\/wp-content\/uploads\/2022\/07\/banner-Enderby-site-bateau-1.jpg\" class=\"elementor-section elementor-top-section elementor-element elementor-element-fafe8d6 elementor-section-height-min-height elementor-section-items-stretch elementor-section-content-top elementor-section-boxed elementor-section-height-default\" data-id=\"fafe8d6\" data-element_type=\"section\" id=\"contact\" data-settings=\"{&quot;background_background&quot;:&quot;classic&quot;}\">\n\t\t\t\t\t\t<div class=\"elementor-container elementor-column-gap-default\">\n\t\t\t\t\t<div class=\"elementor-column elementor-col-100 elementor-top-column elementor-element elementor-element-11c982df col1\" data-id=\"11c982df\" data-element_type=\"column\">\n\t\t\t<div class=\"elementor-widget-wrap elementor-element-populated\">\n\t\t\t\t\t\t<section data-dce-background-image-url=\"https:\/\/enderby.fr\/wp-content\/uploads\/2022\/07\/arche-beige-1.svg\" class=\"elementor-section elementor-inner-section elementor-element elementor-element-3efd6b65 elementor-section-boxed elementor-section-height-default elementor-section-height-default\" data-id=\"3efd6b65\" data-element_type=\"section\" data-settings=\"{&quot;background_background&quot;:&quot;classic&quot;}\">\n\t\t\t\t\t\t<div class=\"elementor-container elementor-column-gap-default\">\n\t\t\t\t\t<div class=\"elementor-column elementor-col-100 elementor-inner-column elementor-element elementor-element-438ea68e\" data-id=\"438ea68e\" data-element_type=\"column\">\n\t\t\t<div class=\"elementor-widget-wrap elementor-element-populated\">\n\t\t\t\t\t\t<div class=\"elementor-element elementor-element-6418a5c5 animated-slow elementor-invisible elementor-widget elementor-widget-text-editor\" data-id=\"6418a5c5\" data-element_type=\"widget\" data-settings=\"{&quot;_animation&quot;:&quot;fadeIn&quot;}\" data-widget_type=\"text-editor.default\">\n\t\t\t\t<div class=\"elementor-widget-container\">\n\t\t\t\t\t\t\t\t\t<a style=\"color: #004243;\" href=\"mailto:contact@enderby.fr\" target=\"_blank\" rel=\"noopener\">contact@enderby.fr<\/a>\n<\/br>\n<a href=\"tel:+33183647171\" style=\"color: #004243;\" target=\"_blank\" rel=\"noopener\">+33 (0)1 83 64 71 71<\/a>\t\t\t\t\t\t\t\t<\/div>\n\t\t\t\t<\/div>\n\t\t\t\t<div class=\"elementor-element elementor-element-50a9796e animated-slow elementor-invisible elementor-widget elementor-widget-text-editor\" data-id=\"50a9796e\" data-element_type=\"widget\" data-settings=\"{&quot;_animation&quot;:&quot;fadeIn&quot;}\" data-widget_type=\"text-editor.default\">\n\t\t\t\t<div class=\"elementor-widget-container\">\n\t\t\t\t\t\t\t\t\t<p>39 rue de la Bienfaisance <br \/>75008 Paris<\/p>\t\t\t\t\t\t\t\t<\/div>\n\t\t\t\t<\/div>\n\t\t\t\t<div class=\"elementor-element elementor-element-5101c1f2 elementor-shape-circle e-grid-align-mobile-center elementor-grid-0 e-grid-align-center elementor-invisible elementor-widget elementor-widget-social-icons\" data-id=\"5101c1f2\" data-element_type=\"widget\" data-settings=\"{&quot;_animation&quot;:&quot;fadeIn&quot;,&quot;_animation_delay&quot;:300}\" data-widget_type=\"social-icons.default\">\n\t\t\t\t<div class=\"elementor-widget-container\">\n\t\t\t\t\t\t\t<div class=\"elementor-social-icons-wrapper elementor-grid\" role=\"list\">\n\t\t\t\t\t\t\t<span class=\"elementor-grid-item\" role=\"listitem\">\n\t\t\t\t\t<a class=\"elementor-icon elementor-social-icon elementor-social-icon-linkedin-in elementor-repeater-item-4cb0680\" href=\"https:\/\/fr.linkedin.com\/company\/enderby\" target=\"_blank\">\n\t\t\t\t\t\t<span class=\"elementor-screen-only\">Linkedin-in<\/span>\n\t\t\t\t\t\t<i aria-hidden=\"true\" class=\"fab fa-linkedin-in\"><\/i>\t\t\t\t\t<\/a>\n\t\t\t\t<\/span>\n\t\t\t\t\t\t\t<span class=\"elementor-grid-item\" role=\"listitem\">\n\t\t\t\t\t<a class=\"elementor-icon elementor-social-icon elementor-social-icon-twitter elementor-repeater-item-f786755\" href=\"https:\/\/twitter.com\/enderbyagency\" target=\"_blank\">\n\t\t\t\t\t\t<span class=\"elementor-screen-only\">Twitter<\/span>\n\t\t\t\t\t\t<i aria-hidden=\"true\" class=\"fab fa-twitter\"><\/i>\t\t\t\t\t<\/a>\n\t\t\t\t<\/span>\n\t\t\t\t\t\t\t<span class=\"elementor-grid-item\" role=\"listitem\">\n\t\t\t\t\t<a class=\"elementor-icon elementor-social-icon elementor-social-icon-instagram elementor-repeater-item-ff9c628\" href=\"https:\/\/www.instagram.com\/insta_enderby\/?hl=fr\" target=\"_blank\">\n\t\t\t\t\t\t<span class=\"elementor-screen-only\">Instagram<\/span>\n\t\t\t\t\t\t<i aria-hidden=\"true\" class=\"fab fa-instagram\"><\/i>\t\t\t\t\t<\/a>\n\t\t\t\t<\/span>\n\t\t\t\t\t<\/div>\n\t\t\t\t\t\t<\/div>\n\t\t\t\t<\/div>\n\t\t\t\t<div class=\"elementor-element elementor-element-1cbbd53d dce_masking-none elementor-widget elementor-widget-image\" data-id=\"1cbbd53d\" data-element_type=\"widget\" data-widget_type=\"image.default\">\n\t\t\t\t<div class=\"elementor-widget-container\">\n\t\t\t\t\t\t\t\t\t\t\t\t\t\t\t<img fetchpriority=\"high\" decoding=\"async\" width=\"561\" height=\"138\" src=\"https:\/\/enderby.fr\/wp-content\/uploads\/2022\/07\/Logo-Enderby.svg\" class=\"attachment-large size-large wp-image-2181\" alt=\"\" \/>\t\t\t\t\t\t\t\t\t\t\t\t\t\t\t<\/div>\n\t\t\t\t<\/div>\n\t\t\t\t\t<\/div>\n\t\t<\/div>\n\t\t\t\t\t<\/div>\n\t\t<\/section>\n\t\t\t\t<div class=\"elementor-element elementor-element-378c4022 elementor-mobile-align-center elementor-align-center cursor-target elementor-invisible elementor-widget elementor-widget-button\" data-id=\"378c4022\" data-element_type=\"widget\" data-settings=\"{&quot;_animation&quot;:&quot;fadeIn&quot;,&quot;_animation_delay&quot;:800}\" data-widget_type=\"button.default\">\n\t\t\t\t<div class=\"elementor-widget-container\">\n\t\t\t\t\t\t\t\t\t<div class=\"elementor-button-wrapper\">\n\t\t\t\t\t<a class=\"elementor-button elementor-button-link elementor-size-sm\" href=\"https:\/\/enderby.fr\/wp-content\/uploads\/2022\/07\/ENDERBY_PRESENTATION_AGENCE_2022-vf.pdf\" download=\"ENDERBY_PRESENTATION_AGENCE_2022.pdf\">\n\t\t\t\t\t\t<span class=\"elementor-button-content-wrapper\">\n\t\t\t\t\t\t<span class=\"elementor-button-icon\">\n\t\t\t\t<svg xmlns=\"http:\/\/www.w3.org\/2000\/svg\" xmlns:xlink=\"http:\/\/www.w3.org\/1999\/xlink\" id=\"Layer_1\" x=\"0px\" y=\"0px\" viewbox=\"0 0 23.9 25.9\" style=\"enable-background:new 0 0 23.9 25.9;\" xml:space=\"preserve\"><style type=\"text\/css\">\t.st0{clip-path:url(#SVGID_00000111903023550820411910000007021608425543843715_);}\t.st1{fill:none;stroke:#F8F7F2;stroke-miterlimit:10;}\t.st2{fill:none;stroke:#F8F7F2;}<\/style><g>\t<defs>\t\t<rect id=\"SVGID_1_\" width=\"23.9\" height=\"25.9\"><\/rect>\t<\/defs>\t<clippath id=\"SVGID_00000021110564024960535430000015368513414653230761_\">\t\t<use xlink:href=\"#SVGID_1_\" style=\"overflow:visible;\"><\/use>\t<\/clippath>\t<g style=\"clip-path:url(#SVGID_00000021110564024960535430000015368513414653230761_);\">\t\t<path class=\"st1\" d=\"M1.1,15c3.6,0.6,10.2,7.2,10.8,10.8c0,0,0,0,0,0c0,0,0,0,0,0c0.6-3.6,7.2-10.2,10.8-10.8\"><\/path>\t\t<path class=\"st2\" d=\"M11.9,25.4V0\"><\/path>\t\t<line class=\"st1\" x1=\"0\" y1=\"25.8\" x2=\"23.9\" y2=\"25.8\"><\/line>\t<\/g><\/g><\/svg>\t\t\t<\/span>\n\t\t\t\t\t\t\t\t\t<span class=\"elementor-button-text\">T\u00e9l\u00e9chargez-nous<\/span>\n\t\t\t\t\t<\/span>\n\t\t\t\t\t<\/a>\n\t\t\t\t<\/div>\n\t\t\t\t\t\t\t\t<\/div>\n\t\t\t\t<\/div>\n\t\t\t\t<div class=\"elementor-element elementor-element-e7f700b animated-slow elementor-invisible elementor-widget elementor-widget-text-editor\" data-id=\"e7f700b\" data-element_type=\"widget\" data-settings=\"{&quot;_animation&quot;:&quot;fadeIn&quot;}\" data-widget_type=\"text-editor.default\">\n\t\t\t\t<div class=\"elementor-widget-container\">\n\t\t\t\t\t\t\t\t\t\u00a9 ENDERBY 2026 | <a href=\"\/en\/mentions-legales\/\">legal notice<\/a>\t\t\t\t\t\t\t\t<\/div>\n\t\t\t\t<\/div>\n\t\t\t\t\t<\/div>\n\t\t<\/div>\n\t\t\t\t\t<\/div>\n\t\t<\/section>\n\t\t\t\t<\/div>","protected":false},"excerpt":{"rendered":"<p>Mentions l\u00e9gales du site web Enderby Fonctionnement du site Enderby effectue toutes les d\u00e9marches pour assurer de la fiabilit\u00e9 de ses propres informations contenues sur le pr\u00e9sent site web. Enderby ne peut encourir aucune responsabilit\u00e9 du fait d\u2019erreurs ou d\u2019omissions relatives \u00e0 ces informations, pas plus qu\u2019\u00e0 l\u2019occasion de l\u2019utilisation et de la diffusion desdites [&hellip;]<\/p>","protected":false},"author":1,"featured_media":0,"parent":0,"menu_order":0,"comment_status":"closed","ping_status":"open","template":"","meta":{"footnotes":""},"class_list":["post-3","page","type-page","status-publish","hentry"],"_links":{"self":[{"href":"https:\/\/enderby.fr\/en\/wp-json\/wp\/v2\/pages\/3","targetHints":{"allow":["GET"]}}],"collection":[{"href":"https:\/\/enderby.fr\/en\/wp-json\/wp\/v2\/pages"}],"about":[{"href":"https:\/\/enderby.fr\/en\/wp-json\/wp\/v2\/types\/page"}],"author":[{"embeddable":true,"href":"https:\/\/enderby.fr\/en\/wp-json\/wp\/v2\/users\/1"}],"replies":[{"embeddable":true,"href":"https:\/\/enderby.fr\/en\/wp-json\/wp\/v2\/comments?post=3"}],"version-history":[{"count":16,"href":"https:\/\/enderby.fr\/en\/wp-json\/wp\/v2\/pages\/3\/revisions"}],"predecessor-version":[{"id":2194,"href":"https:\/\/enderby.fr\/en\/wp-json\/wp\/v2\/pages\/3\/revisions\/2194"}],"wp:attachment":[{"href":"https:\/\/enderby.fr\/en\/wp-json\/wp\/v2\/media?parent=3"}],"curies":[{"name":"wp","href":"https:\/\/api.w.org\/{rel}","templated":true}]}}